{"id":1629,"date":"2025-02-10T07:53:19","date_gmt":"2025-02-10T07:53:19","guid":{"rendered":"https:\/\/psyartstick.com\/?page_id=1629"},"modified":"2025-12-02T10:26:00","modified_gmt":"2025-12-02T10:26:00","slug":"home-2","status":"publish","type":"page","link":"https:\/\/psyartstick.com\/hu\/","title":{"rendered":"F\u0151oldal"},"content":{"rendered":"<div style=\"height:30px\" aria-hidden=\"true\" class=\"wp-block-spacer\"><\/div>\n\n\n\n<div class=\"wp-block-uagb-container uagb-block-31557110 alignfull uagb-is-root-container\"><div class=\"uagb-container-inner-blocks-wrap\">\n<div class=\"wp-block-uagb-container uagb-block-d4f97ed5\">\n<div style=\"aspect-ratio:3\/4;min-height:unset;\" class=\"wp-block-cover has-aspect-ratio\"><img loading=\"lazy\" decoding=\"async\" width=\"600\" height=\"800\" class=\"wp-block-cover__image-background wp-image-1969\" alt=\"\" src=\"https:\/\/psyartstick.com\/wp-content\/uploads\/2025\/05\/printed_home_sm.png\" data-object-fit=\"cover\" srcset=\"https:\/\/psyartstick.com\/wp-content\/uploads\/2025\/05\/printed_home_sm.png 600w, https:\/\/psyartstick.com\/wp-content\/uploads\/2025\/05\/printed_home_sm-225x300.png 225w, https:\/\/psyartstick.com\/wp-content\/uploads\/2025\/05\/printed_home_sm-9x12.png 9w\" sizes=\"auto, (max-width: 600px) 100vw, 600px\" \/><span aria-hidden=\"true\" class=\"wp-block-cover__background has-background-dim-10 has-background-dim\" style=\"background-color:#559451\"><\/span><div class=\"wp-block-cover__inner-container is-layout-flow wp-block-cover-is-layout-flow\">\n<div class=\"wp-block-buttons is-content-justification-center is-layout-flex wp-container-core-buttons-is-layout-a89b3969 wp-block-buttons-is-layout-flex\">\n<div class=\"wp-block-button\"><a class=\"wp-block-button__link has-border-color has-ast-global-color-6-border-color has-medium-font-size has-text-align-center has-custom-font-size wp-element-button\" href=\"https:\/\/psyartstick.com\/hu\/termekkategoria\/printed\/\" style=\"border-width:5px;border-radius:100px\">NYOMTATOTT<\/a><\/div>\n<\/div>\n<\/div><\/div>\n<\/div>\n\n\n\n<div class=\"wp-block-uagb-container uagb-block-4249ef0f\">\n<div style=\"aspect-ratio:3\/4;min-height:unset;\" class=\"wp-block-cover has-aspect-ratio\"><img loading=\"lazy\" decoding=\"async\" width=\"600\" height=\"800\" class=\"wp-block-cover__image-background wp-image-1970\" alt=\"\" src=\"https:\/\/psyartstick.com\/wp-content\/uploads\/2025\/05\/rorschach_home_sm.png\" data-object-fit=\"cover\" srcset=\"https:\/\/psyartstick.com\/wp-content\/uploads\/2025\/05\/rorschach_home_sm.png 600w, https:\/\/psyartstick.com\/wp-content\/uploads\/2025\/05\/rorschach_home_sm-225x300.png 225w, https:\/\/psyartstick.com\/wp-content\/uploads\/2025\/05\/rorschach_home_sm-9x12.png 9w\" sizes=\"auto, (max-width: 600px) 100vw, 600px\" \/><span aria-hidden=\"true\" class=\"wp-block-cover__background has-background-dim-10 has-background-dim\" style=\"background-color:#7f4563\"><\/span><div class=\"wp-block-cover__inner-container is-layout-flow wp-block-cover-is-layout-flow\">\n<div class=\"wp-block-buttons is-content-justification-center is-layout-flex wp-container-core-buttons-is-layout-a89b3969 wp-block-buttons-is-layout-flex\">\n<div class=\"wp-block-button\"><a class=\"wp-block-button__link has-border-color has-ast-global-color-6-border-color has-medium-font-size has-text-align-center has-custom-font-size wp-element-button\" href=\"https:\/\/psyartstick.com\/hu\/termekkategoria\/rorschach\/\" style=\"border-width:5px;border-radius:100px\">RORSCHACH<\/a><\/div>\n<\/div>\n<\/div><\/div>\n<\/div>\n\n\n\n<div class=\"wp-block-uagb-container uagb-block-8bfe89e6\">\n<div style=\"aspect-ratio:3\/4;min-height:unset;\" class=\"wp-block-cover has-aspect-ratio\"><img loading=\"lazy\" decoding=\"async\" width=\"600\" height=\"800\" class=\"wp-block-cover__image-background wp-image-1971\" alt=\"\" src=\"https:\/\/psyartstick.com\/wp-content\/uploads\/2025\/05\/unique_home_sm.png\" data-object-fit=\"cover\" srcset=\"https:\/\/psyartstick.com\/wp-content\/uploads\/2025\/05\/unique_home_sm.png 600w, https:\/\/psyartstick.com\/wp-content\/uploads\/2025\/05\/unique_home_sm-225x300.png 225w, https:\/\/psyartstick.com\/wp-content\/uploads\/2025\/05\/unique_home_sm-9x12.png 9w\" sizes=\"auto, (max-width: 600px) 100vw, 600px\" \/><span aria-hidden=\"true\" class=\"wp-block-cover__background has-background-dim-10 has-background-dim\" style=\"background-color:#586160\"><\/span><div class=\"wp-block-cover__inner-container is-layout-flow wp-block-cover-is-layout-flow\">\n<div class=\"wp-block-buttons is-content-justification-center is-layout-flex wp-container-core-buttons-is-layout-a89b3969 wp-block-buttons-is-layout-flex\">\n<div class=\"wp-block-button\"><a class=\"wp-block-button__link has-border-color has-black-border-color has-medium-font-size has-custom-font-size wp-element-button\" style=\"border-width:5px;border-radius:100px\">EGYEDI<\/a><\/div>\n<\/div>\n<\/div><\/div>\n<\/div>\n<\/div><\/div>\n\n\n\n<div class=\"wp-block-columns is-layout-flex wp-container-core-columns-is-layout-28f84493 wp-block-columns-is-layout-flex\">\n<div class=\"wp-block-column is-layout-flow wp-block-column-is-layout-flow\" style=\"flex-basis:100%\">\n<h2 class=\"wp-block-heading has-text-align-center\">Egyedi ig\u00e9nyek, egyedi botok<\/h2>\n\n\n\n<p class=\"has-text-align-center\">A Psyartstick egy k\u00fcl\u00f6nleges hely, ahol a m\u0171v\u00e9szet \u00e9s a vir\u00e1gbotok tal\u00e1lkoznak<\/p>\n\n\n\n<div class=\"wp-block-buttons is-content-justification-center is-layout-flex wp-container-core-buttons-is-layout-a89b3969 wp-block-buttons-is-layout-flex\">\n<div class=\"wp-block-button is-style-outline is-style-outline--1\"><a class=\"wp-block-button__link has-ast-global-color-5-color has-text-color has-link-color has-border-color has-ast-global-color-6-border-color has-medium-font-size has-text-align-center has-custom-font-size wp-element-button\" href=\"\/hu\/aboutme\/\" style=\"border-width:5px;border-radius:100px\">READ MORE<\/a><\/div>\n<\/div>\n\n\n\n<figure class=\"wp-block-image aligncenter size-large\"><img loading=\"lazy\" decoding=\"async\" width=\"1024\" height=\"683\" src=\"https:\/\/psyartstick.com\/wp-content\/uploads\/2024\/11\/DSC_1129-1024x683.png\" alt=\"\" class=\"wp-image-1598\" srcset=\"https:\/\/psyartstick.com\/wp-content\/uploads\/2024\/11\/DSC_1129-1024x683.png 1024w, https:\/\/psyartstick.com\/wp-content\/uploads\/2024\/11\/DSC_1129-300x200.png 300w, https:\/\/psyartstick.com\/wp-content\/uploads\/2024\/11\/DSC_1129-768x512.png 768w, https:\/\/psyartstick.com\/wp-content\/uploads\/2024\/11\/DSC_1129.png 1200w\" sizes=\"auto, (max-width: 1024px) 100vw, 1024px\" \/><\/figure>\n<\/div>\n<\/div>","protected":false},"excerpt":{"rendered":"<p>Unique requests, unique sticks If you\u2019re looking for a truly unique stick, or one that is completely tailored to your needs, then you\u2019ve come to the right place.<\/p>","protected":false},"author":1,"featured_media":0,"parent":0,"menu_order":0,"comment_status":"closed","ping_status":"closed","template":"","meta":{"_uag_custom_page_level_css":"","site-sidebar-layout":"no-sidebar","site-content-layout":"plain-container","ast-site-content-layout":"normal-width-container","site-content-style":"unboxed","site-sidebar-style":"unboxed","ast-global-header-display":"","ast-banner-title-visibility":"","ast-main-header-display":"","ast-hfb-above-header-display":"","ast-hfb-below-header-display":"","ast-hfb-mobile-header-display":"","site-post-title":"disabled","ast-breadcrumbs-content":"","ast-featured-img":"disabled","footer-sml-layout":"","theme-transparent-header-meta":"disabled","adv-header-id-meta":"","stick-header-meta":"","header-above-stick-meta":"","header-main-stick-meta":"","header-below-stick-meta":"","astra-migrate-meta-layouts":"set","ast-page-background-enabled":"default","ast-page-background-meta":{"desktop":{"background-color":"var(--ast-global-color-4)","background-image":"","background-repeat":"repeat","background-position":"center center","background-size":"auto","background-attachment":"scroll","background-type":"","background-media":"","overlay-type":"","overlay-color":"","overlay-opacity":"","overlay-gradient":""},"tablet":{"background-color":"","background-image":"","background-repeat":"repeat","background-position":"center center","background-size":"auto","background-attachment":"scroll","background-type":"","background-media":"","overlay-type":"","overlay-color":"","overlay-opacity":"","overlay-gradient":""},"mobile":{"background-color":"","background-image":"","background-repeat":"repeat","background-position":"center center","background-size":"auto","background-attachment":"scroll","background-type":"","background-media":"","overlay-type":"","overlay-color":"","overlay-opacity":"","overlay-gradient":""}},"ast-content-background-meta":{"desktop":{"background-color":"var(--ast-global-color-5)","background-image":"","background-repeat":"repeat","background-position":"center center","background-size":"auto","background-attachment":"scroll","background-type":"","background-media":"","overlay-type":"","overlay-color":"","overlay-opacity":"","overlay-gradient":""},"tablet":{"background-color":"var(--ast-global-color-5)","background-image":"","background-repeat":"repeat","background-position":"center center","background-size":"auto","background-attachment":"scroll","background-type":"","background-media":"","overlay-type":"","overlay-color":"","overlay-opacity":"","overlay-gradient":""},"mobile":{"background-color":"var(--ast-global-color-5)","background-image":"","background-repeat":"repeat","background-position":"center center","background-size":"auto","background-attachment":"scroll","background-type":"","background-media":"","overlay-type":"","overlay-color":"","overlay-opacity":"","overlay-gradient":""}},"footnotes":""},"class_list":["post-1629","page","type-page","status-publish","hentry"],"uagb_featured_image_src":{"full":false,"thumbnail":false,"medium":false,"medium_large":false,"large":false,"1536x1536":false,"2048x2048":false,"trp-custom-language-flag":false,"woocommerce_thumbnail":false,"woocommerce_single":false,"woocommerce_gallery_thumbnail":false},"uagb_author_info":{"display_name":"admin","author_link":"https:\/\/psyartstick.com\/hu\/author\/admin\/"},"uagb_comment_info":0,"uagb_excerpt":"Unique requests, unique sticks If you\u2019re looking for a truly unique stick, or one that is completely tailored to your needs, then you\u2019ve come to the right place.","_links":{"self":[{"href":"https:\/\/psyartstick.com\/hu\/wp-json\/wp\/v2\/pages\/1629","targetHints":{"allow":["GET"]}}],"collection":[{"href":"https:\/\/psyartstick.com\/hu\/wp-json\/wp\/v2\/pages"}],"about":[{"href":"https:\/\/psyartstick.com\/hu\/wp-json\/wp\/v2\/types\/page"}],"author":[{"embeddable":true,"href":"https:\/\/psyartstick.com\/hu\/wp-json\/wp\/v2\/users\/1"}],"replies":[{"embeddable":true,"href":"https:\/\/psyartstick.com\/hu\/wp-json\/wp\/v2\/comments?post=1629"}],"version-history":[{"count":77,"href":"https:\/\/psyartstick.com\/hu\/wp-json\/wp\/v2\/pages\/1629\/revisions"}],"predecessor-version":[{"id":2300,"href":"https:\/\/psyartstick.com\/hu\/wp-json\/wp\/v2\/pages\/1629\/revisions\/2300"}],"wp:attachment":[{"href":"https:\/\/psyartstick.com\/hu\/wp-json\/wp\/v2\/media?parent=1629"}],"curies":[{"name":"wp","href":"https:\/\/api.w.org\/{rel}","templated":true}]}}