{"id":1008,"date":"2021-10-08T06:11:09","date_gmt":"2021-10-08T06:11:09","guid":{"rendered":"https:\/\/psyartstick.com\/?page_id=1008"},"modified":"2025-02-10T10:22:33","modified_gmt":"2025-02-10T10:22:33","slug":"fooldal","status":"publish","type":"page","link":"https:\/\/psyartstick.com\/hu\/fooldal\/","title":{"rendered":"F\u0151oldal"},"content":{"rendered":"<div class=\"wp-block-uagb-container uagb-block-0853bbbc alignfull uagb-is-root-container\"><div class=\"uagb-container-inner-blocks-wrap\">\n<p class=\"has-text-align-center has-ast-global-color-8-color has-text-color has-link-color has-x-large-font-size wp-elements-b60dfd3db6bc586447133a136a962ced\">A webshop hamarosan \u00e9rkezik, addig is n\u00e9zz k\u00f6r\u00fcl inspir\u00e1ci\u00f3k\u00e9rt a gal\u00e9ri\u00e1ban<\/p>\n\n\n\n<div class=\"wp-block-buttons is-content-justification-center is-layout-flex wp-container-core-buttons-is-layout-a89b3969 wp-block-buttons-is-layout-flex\">\n<div class=\"wp-block-button has-custom-font-size has-medium-font-size\"><a class=\"wp-block-button__link wp-element-button\" href=\"https:\/\/psyartstick.com\/hu\/galeria\/\" style=\"border-radius:44px\">Gal\u00e9ria<\/a><\/div>\n\n\n\n<div class=\"wp-block-button has-custom-font-size has-medium-font-size\"><a class=\"wp-block-button__link has-text-align-center wp-element-button\" href=\"https:\/\/www.facebook.com\/PsyartStick\" style=\"border-radius:44px\">Facebook<\/a><\/div>\n<\/div>\n<\/div><\/div>\n\n\n\n<div class=\"wp-block-uagb-container uagb-block-07bf1ffe alignwide uagb-is-root-container\">\n<div class=\"wp-block-uagb-container uagb-block-52db8dee\">\n<div class=\"wp-block-uagb-image uagb-block-21b937ea wp-block-uagb-image--layout-default wp-block-uagb-image--effect-static wp-block-uagb-image--align-none\"><figure class=\"wp-block-uagb-image__figure\"><img decoding=\"async\" srcset=\"https:\/\/psyartstick.com\/wp-content\/uploads\/2023\/11\/header2-1024x641.jpg ,https:\/\/psyartstick.com\/wp-content\/uploads\/2023\/11\/header2.jpg 780w, https:\/\/psyartstick.com\/wp-content\/uploads\/2023\/11\/header2.jpg 360w\" sizes=\"auto, (max-width: 480px) 150px\" src=\"https:\/\/psyartstick.com\/wp-content\/uploads\/2023\/11\/header2-1024x641.jpg\" alt=\"\" class=\"uag-image-1555\" width=\"960\" height=\"800\" title=\"\" loading=\"lazy\" role=\"img\"\/><\/figure><\/div>\n<\/div>\n\n\n\n<div class=\"wp-block-uagb-container uagb-block-6609ec7d\">\n<div class=\"wp-block-uagb-container uagb-block-598d2ae9\">\n<div class=\"wp-block-uagb-info-box uagb-block-3d8a8456 uagb-infobox__content-wrap  uagb-infobox-icon-above-title uagb-infobox-image-valign-top\"><div class=\"uagb-ifb-content\"><div class=\"uagb-ifb-title-wrap\"><span class=\"uagb-ifb-title-prefix\">R\u00f3lam<\/span><h2 class=\"uagb-ifb-title\">Egyedi ig\u00e9nyek, egyedi botok<\/h2><\/div><p class=\"uagb-ifb-desc\"><br><br>T\u00f6bb mint 10 \u00e9ve foglalkozom vir\u00e1gbotok k\u00e9sz\u00edt\u00e9s\u00e9vel.<br>Mindig arra t\u00f6rekedtem hogy mindenki meg tal\u00e1lja,<br>a sz\u00e1m\u00e1ra legide\u00e1lisabb m\u00e9ret \u00e9s s\u00faly eloszt\u00e1st&#8230;<\/p><div class=\"uagb-ifb-button-wrapper wp-block-button\"><a href=\"\/hu\/rolam\/\" class=\"uagb-infobox-cta-link wp-block-button__link\" target=\"_self\" rel=\"noopener noreferrer\" onclick=\"return true;\"><span class=\"uagb-inline-editing\">Tov\u00e1bb<\/span><\/a><\/div><\/div><\/div>\n<\/div>\n<\/div>\n<\/div>","protected":false},"excerpt":{"rendered":"<p>A webshop hamarosan \u00e9rkezik, addig is n\u00e9zz k\u00f6r\u00fcl inspir\u00e1ci\u00f3k\u00e9rt a gal\u00e9ri\u00e1ban<\/p>","protected":false},"author":1,"featured_media":0,"parent":0,"menu_order":0,"comment_status":"closed","ping_status":"closed","template":"","meta":{"_uag_custom_page_level_css":"","site-sidebar-layout":"no-sidebar","site-content-layout":"plain-container","ast-site-content-layout":"normal-width-container","site-content-style":"unboxed","site-sidebar-style":"unboxed","ast-global-header-display":"","ast-banner-title-visibility":"","ast-main-header-display":"","ast-hfb-above-header-display":"","ast-hfb-below-header-display":"","ast-hfb-mobile-header-display":"","site-post-title":"disabled","ast-breadcrumbs-content":"","ast-featured-img":"disabled","footer-sml-layout":"","theme-transparent-header-meta":"disabled","adv-header-id-meta":"","stick-header-meta":"","header-above-stick-meta":"","header-main-stick-meta":"","header-below-stick-meta":"","astra-migrate-meta-layouts":"set","ast-page-background-enabled":"default","ast-page-background-meta":{"desktop":{"background-color":"var(--ast-global-color-4)","background-image":"","background-repeat":"repeat","background-position":"center center","background-size":"auto","background-attachment":"scroll","background-type":"","background-media":"","overlay-type":"","overlay-color":"","overlay-opacity":"","overlay-gradient":""},"tablet":{"background-color":"","background-image":"","background-repeat":"repeat","background-position":"center center","background-size":"auto","background-attachment":"scroll","background-type":"","background-media":"","overlay-type":"","overlay-color":"","overlay-opacity":"","overlay-gradient":""},"mobile":{"background-color":"","background-image":"","background-repeat":"repeat","background-position":"center center","background-size":"auto","background-attachment":"scroll","background-type":"","background-media":"","overlay-type":"","overlay-color":"","overlay-opacity":"","overlay-gradient":""}},"ast-content-background-meta":{"desktop":{"background-color":"var(--ast-global-color-5)","background-image":"","background-repeat":"repeat","background-position":"center center","background-size":"auto","background-attachment":"scroll","background-type":"","background-media":"","overlay-type":"","overlay-color":"","overlay-opacity":"","overlay-gradient":""},"tablet":{"background-color":"var(--ast-global-color-5)","background-image":"","background-repeat":"repeat","background-position":"center center","background-size":"auto","background-attachment":"scroll","background-type":"","background-media":"","overlay-type":"","overlay-color":"","overlay-opacity":"","overlay-gradient":""},"mobile":{"background-color":"var(--ast-global-color-5)","background-image":"","background-repeat":"repeat","background-position":"center center","background-size":"auto","background-attachment":"scroll","background-type":"","background-media":"","overlay-type":"","overlay-color":"","overlay-opacity":"","overlay-gradient":""}},"footnotes":""},"class_list":["post-1008","page","type-page","status-publish","hentry"],"uagb_featured_image_src":{"full":false,"thumbnail":false,"medium":false,"medium_large":false,"large":false,"1536x1536":false,"2048x2048":false,"trp-custom-language-flag":false,"woocommerce_thumbnail":false,"woocommerce_single":false,"woocommerce_gallery_thumbnail":false},"uagb_author_info":{"display_name":"admin","author_link":"https:\/\/psyartstick.com\/hu\/author\/admin\/"},"uagb_comment_info":0,"uagb_excerpt":"A webshop hamarosan \u00e9rkezik, addig is n\u00e9zz k\u00f6r\u00fcl inspir\u00e1ci\u00f3k\u00e9rt a gal\u00e9ri\u00e1ban","_links":{"self":[{"href":"https:\/\/psyartstick.com\/hu\/wp-json\/wp\/v2\/pages\/1008","targetHints":{"allow":["GET"]}}],"collection":[{"href":"https:\/\/psyartstick.com\/hu\/wp-json\/wp\/v2\/pages"}],"about":[{"href":"https:\/\/psyartstick.com\/hu\/wp-json\/wp\/v2\/types\/page"}],"author":[{"embeddable":true,"href":"https:\/\/psyartstick.com\/hu\/wp-json\/wp\/v2\/users\/1"}],"replies":[{"embeddable":true,"href":"https:\/\/psyartstick.com\/hu\/wp-json\/wp\/v2\/comments?post=1008"}],"version-history":[{"count":30,"href":"https:\/\/psyartstick.com\/hu\/wp-json\/wp\/v2\/pages\/1008\/revisions"}],"predecessor-version":[{"id":1688,"href":"https:\/\/psyartstick.com\/hu\/wp-json\/wp\/v2\/pages\/1008\/revisions\/1688"}],"wp:attachment":[{"href":"https:\/\/psyartstick.com\/hu\/wp-json\/wp\/v2\/media?parent=1008"}],"curies":[{"name":"wp","href":"https:\/\/api.w.org\/{rel}","templated":true}]}}