{"id":1002,"date":"2021-10-08T06:08:04","date_gmt":"2021-10-08T06:08:04","guid":{"rendered":"https:\/\/psyartstick.com\/?page_id=1002"},"modified":"2025-05-22T11:02:56","modified_gmt":"2025-05-22T11:02:56","slug":"aboutme","status":"publish","type":"page","link":"https:\/\/psyartstick.com\/hu\/aboutme\/","title":{"rendered":"Bemutatkoz\u00e1s"},"content":{"rendered":"<div class=\"wp-block-uagb-container uagb-block-7f826306 alignfull uagb-is-root-container\"><div class=\"uagb-container-inner-blocks-wrap\">\n<h2 class=\"wp-block-heading has-text-align-center\">\u00dcdv\u00f6zl\u00fcnk a Psyartstick vil\u00e1g\u00e1ban!<\/h2>\n<\/div><\/div>\n\n\n\n<div class=\"wp-block-uagb-container uagb-block-cb8a27eb alignfull uagb-is-root-container\"><div class=\"uagb-container-inner-blocks-wrap\">\n<div class=\"wp-block-columns is-layout-flex wp-container-core-columns-is-layout-28f84493 wp-block-columns-is-layout-flex\">\n<div class=\"wp-block-column is-layout-flow wp-block-column-is-layout-flow\" style=\"flex-basis:50%\">\n<p>A Psyartstick egy k\u00fcl\u00f6nleges hely, ahol a m\u0171v\u00e9szet \u00e9s a vir\u00e1gbotok tal\u00e1lkoznak. T\u00f6bb mint t\u00edz \u00e9ve foglalkozunk egyedi, k\u00e9zzel k\u00e9sz\u00edtett vir\u00e1gbotok meg\u00e1lmod\u00e1s\u00e1val \u00e9s megval\u00f3s\u00edt\u00e1s\u00e1val. (\u00c9s igen, tudjuk \u2013 sokan \u00f6rd\u00f6gbotk\u00e9nt ismerik \u0151ket, pedig az val\u00f3j\u00e1ban egy m\u00e1sik eszk\u00f6z.)<\/p>\n<\/div>\n\n\n\n<div class=\"wp-block-column is-layout-flow wp-block-column-is-layout-flow\" style=\"flex-basis:50%\">\n<figure class=\"wp-block-image aligncenter size-medium is-resized\"><img loading=\"lazy\" decoding=\"async\" width=\"300\" height=\"200\" src=\"https:\/\/psyartstick.com\/wp-content\/uploads\/2023\/11\/header1-300x200.jpg\" alt=\"\" class=\"wp-image-1554\" style=\"width:500px\" srcset=\"https:\/\/psyartstick.com\/wp-content\/uploads\/2023\/11\/header1-300x200.jpg 300w, https:\/\/psyartstick.com\/wp-content\/uploads\/2023\/11\/header1-600x400.jpg 600w, https:\/\/psyartstick.com\/wp-content\/uploads\/2023\/11\/header1-1024x683.jpg 1024w, https:\/\/psyartstick.com\/wp-content\/uploads\/2023\/11\/header1-768x512.jpg 768w, https:\/\/psyartstick.com\/wp-content\/uploads\/2023\/11\/header1.jpg 1080w\" sizes=\"auto, (max-width: 300px) 100vw, 300px\" \/><\/figure>\n<\/div>\n<\/div>\n<\/div><\/div>\n\n\n\n<h4 class=\"wp-block-heading\">Egyedi alkot\u00e1saink<\/h4>\n\n\n\n<p>N\u00e1lunk minden bot egy kis m\u0171alkot\u00e1s: k\u00e9zzel festett mint\u00e1k, v\u00e1ltozatos fest\u00e9si technik\u00e1k, \u00e9s k\u00fcl\u00f6nb\u00f6z\u0151 m\u0171v\u00e9szek inspir\u00e1l\u00f3 munk\u00e1i v\u00e1rnak r\u00e1d. Legyen sz\u00f3 kezd\u0151r\u0151l vagy halad\u00f3r\u00f3l, n\u00e1lunk biztosan megtal\u00e1lod a sz\u00e1modra t\u00f6k\u00e9letes vir\u00e1gbotot \u2013 legyen az hosszban, s\u00falyban vagy vastags\u00e1gban is pontosan olyan, amilyenre sz\u00fcks\u00e9ged van.<\/p>\n\n\n\n<div class=\"wp-block-columns is-layout-flex wp-container-core-columns-is-layout-28f84493 wp-block-columns-is-layout-flex\">\n<div class=\"wp-block-column is-layout-flow wp-block-column-is-layout-flow\" style=\"flex-basis:50%\">\n<figure class=\"wp-block-image size-large is-resized\"><img loading=\"lazy\" decoding=\"async\" width=\"1024\" height=\"683\" src=\"https:\/\/psyartstick.com\/wp-content\/uploads\/2024\/11\/DSC_1053-1024x683.png\" alt=\"\" class=\"wp-image-1596\" style=\"width:auto;height:350px\" srcset=\"https:\/\/psyartstick.com\/wp-content\/uploads\/2024\/11\/DSC_1053-1024x683.png 1024w, https:\/\/psyartstick.com\/wp-content\/uploads\/2024\/11\/DSC_1053-300x200.png 300w, https:\/\/psyartstick.com\/wp-content\/uploads\/2024\/11\/DSC_1053-768x512.png 768w, https:\/\/psyartstick.com\/wp-content\/uploads\/2024\/11\/DSC_1053.png 1200w\" sizes=\"auto, (max-width: 1024px) 100vw, 1024px\" \/><\/figure>\n<\/div>\n\n\n\n<div class=\"wp-block-column is-layout-flow wp-block-column-is-layout-flow\" style=\"flex-basis:50%\">\n<h4 class=\"wp-block-heading\">Szem\u00e9lyre szabhat\u00f3s\u00e1g \u00e9s diz\u00e1jn<\/h4>\n\n\n\n<p><strong>A szem\u00e9lyre szabhat\u00f3s\u00e1g n\u00e1lunk alap \u2013 ha egyedi elk\u00e9pzel\u00e9sed van, \u00f6r\u00f6mmel val\u00f3s\u00edtjuk meg neked! C\u00e9lunk mindig is az volt, hogy ne csak sz\u00e9pek, hanem t\u00e9nyleg testreszabhat\u00f3ak legyenek a term\u00e9keink.<\/strong> If you have a unique idea, we&#8217;d love to bring it to life! Our goal has always been to make our products not just beautiful, but truly customizable.<\/p>\n\n\n\n<p>A k\u00e9zzel festett botok mellett most m\u00e1r nyomtatott mint\u00e1s v\u00e1ltozatokat is k\u00edn\u00e1lunk \u2013 ezek a darabok grafikus m\u0171v\u00e9szek egyedi st\u00edlus\u00e1ban sz\u00fclettek, \u00edgy az el\u00e9rhet\u0151bb \u00e1rkateg\u00f3ri\u00e1ban is k\u00fcl\u00f6nleges, egyedi darabokat tal\u00e1lsz. <strong>printed designs<\/strong>. These pieces are created in the unique styles of graphic artists, so you can find special, individual items even in a more accessible price range.<\/p>\n<\/div>\n<\/div>\n\n\n\n<h4 class=\"wp-block-heading has-text-align-center\">Explore and Connect<\/h4>\n\n\n\n<p>N\u00e9zz k\u00f6r\u00fcl n\u00e1lunk, inspir\u00e1l\u00f3dj, \u00e9s ha b\u00e1rmi k\u00e9rd\u00e9sed van, keress minket b\u00e1tran! Ha nem tal\u00e1lod meg, amit keresel \u2013 \u00edrj, \u00e9s mi \u00e9letre keltj\u00fck az \u00f6tleted.<\/p>\n\n\n\n<h3 class=\"wp-block-heading has-text-align-center\">A hat\u00e1r a csillagos \u00e9g!<\/h3>\n\n\n\n<p><\/p>","protected":false},"excerpt":{"rendered":"<p>Welcome to the world of Psyartstick! Psyartstick is a special place where art and flower sticks meet. For over ten years, we&#8217;ve been dreaming up and creating unique, handmade flower sticks. (And yes, we know\u2014many people call them devil sticks, but that&#8217;s actually a different prop.) Our Unique Creations Every stick we make is a [&hellip;]<\/p>","protected":false},"author":1,"featured_media":0,"parent":0,"menu_order":0,"comment_status":"closed","ping_status":"closed","template":"","meta":{"_uag_custom_page_level_css":"","site-sidebar-layout":"no-sidebar","site-content-layout":"plain-container","ast-site-content-layout":"normal-width-container","site-content-style":"unboxed","site-sidebar-style":"unboxed","ast-global-header-display":"","ast-banner-title-visibility":"","ast-main-header-display":"","ast-hfb-above-header-display":"","ast-hfb-below-header-display":"","ast-hfb-mobile-header-display":"","site-post-title":"disabled","ast-breadcrumbs-content":"","ast-featured-img":"disabled","footer-sml-layout":"","theme-transparent-header-meta":"disabled","adv-header-id-meta":"","stick-header-meta":"","header-above-stick-meta":"","header-main-stick-meta":"","header-below-stick-meta":"","astra-migrate-meta-layouts":"set","ast-page-background-enabled":"default","ast-page-background-meta":{"desktop":{"background-color":"var(--ast-global-color-4)","background-image":"","background-repeat":"repeat","background-position":"center center","background-size":"auto","background-attachment":"scroll","background-type":"","background-media":"","overlay-type":"","overlay-color":"","overlay-opacity":"","overlay-gradient":""},"tablet":{"background-color":"","background-image":"","background-repeat":"repeat","background-position":"center center","background-size":"auto","background-attachment":"scroll","background-type":"","background-media":"","overlay-type":"","overlay-color":"","overlay-opacity":"","overlay-gradient":""},"mobile":{"background-color":"","background-image":"","background-repeat":"repeat","background-position":"center center","background-size":"auto","background-attachment":"scroll","background-type":"","background-media":"","overlay-type":"","overlay-color":"","overlay-opacity":"","overlay-gradient":""}},"ast-content-background-meta":{"desktop":{"background-color":"var(--ast-global-color-5)","background-image":"","background-repeat":"repeat","background-position":"center center","background-size":"auto","background-attachment":"scroll","background-type":"","background-media":"","overlay-type":"","overlay-color":"","overlay-opacity":"","overlay-gradient":""},"tablet":{"background-color":"var(--ast-global-color-5)","background-image":"","background-repeat":"repeat","background-position":"center center","background-size":"auto","background-attachment":"scroll","background-type":"","background-media":"","overlay-type":"","overlay-color":"","overlay-opacity":"","overlay-gradient":""},"mobile":{"background-color":"var(--ast-global-color-5)","background-image":"","background-repeat":"repeat","background-position":"center center","background-size":"auto","background-attachment":"scroll","background-type":"","background-media":"","overlay-type":"","overlay-color":"","overlay-opacity":"","overlay-gradient":""}},"footnotes":""},"class_list":["post-1002","page","type-page","status-publish","hentry"],"uagb_featured_image_src":{"full":false,"thumbnail":false,"medium":false,"medium_large":false,"large":false,"1536x1536":false,"2048x2048":false,"trp-custom-language-flag":false,"woocommerce_thumbnail":false,"woocommerce_single":false,"woocommerce_gallery_thumbnail":false},"uagb_author_info":{"display_name":"admin","author_link":"https:\/\/psyartstick.com\/hu\/author\/admin\/"},"uagb_comment_info":0,"uagb_excerpt":"Welcome to the world of Psyartstick! Psyartstick is a special place where art and flower sticks meet. For over ten years, we&#8217;ve been dreaming up and creating unique, handmade flower sticks. (And yes, we know\u2014many people call them devil sticks, but that&#8217;s actually a different prop.) Our Unique Creations Every stick we make is a&hellip;","_links":{"self":[{"href":"https:\/\/psyartstick.com\/hu\/wp-json\/wp\/v2\/pages\/1002","targetHints":{"allow":["GET"]}}],"collection":[{"href":"https:\/\/psyartstick.com\/hu\/wp-json\/wp\/v2\/pages"}],"about":[{"href":"https:\/\/psyartstick.com\/hu\/wp-json\/wp\/v2\/types\/page"}],"author":[{"embeddable":true,"href":"https:\/\/psyartstick.com\/hu\/wp-json\/wp\/v2\/users\/1"}],"replies":[{"embeddable":true,"href":"https:\/\/psyartstick.com\/hu\/wp-json\/wp\/v2\/comments?post=1002"}],"version-history":[{"count":31,"href":"https:\/\/psyartstick.com\/hu\/wp-json\/wp\/v2\/pages\/1002\/revisions"}],"predecessor-version":[{"id":1994,"href":"https:\/\/psyartstick.com\/hu\/wp-json\/wp\/v2\/pages\/1002\/revisions\/1994"}],"wp:attachment":[{"href":"https:\/\/psyartstick.com\/hu\/wp-json\/wp\/v2\/media?parent=1002"}],"curies":[{"name":"wp","href":"https:\/\/api.w.org\/{rel}","templated":true}]}}